{"id":382,"date":"2026-04-12T19:32:22","date_gmt":"2026-04-12T18:32:22","guid":{"rendered":"https:\/\/drouet.gigagne.fr\/index.php\/register\/"},"modified":"2026-04-18T19:17:49","modified_gmt":"2026-04-18T18:17:49","slug":"rejoindre-team-run-alencon","status":"publish","type":"page","link":"https:\/\/drouet.gigagne.fr\/index.php\/rejoindre-team-run-alencon\/","title":{"rendered":"Rejoindre Team Run"},"content":{"rendered":"\n<p>Rejoindre Team Run, c\u2019est int\u00e9grer une communaut\u00e9 sportive dynamique, accessible et ouverte \u00e0 tous. Gr\u00e2ce \u00e0 cette page rejoindre Team Run, vous pouvez d\u00e9couvrir comment participer \u00e0 nos \u00e9v\u00e9nements, comment vous inscrire et quels avantages vous attendent. Notre objectif est simple : rendre la course \u00e0 pied agr\u00e9able, motivante et adapt\u00e9e \u00e0 chaque coureur. Ainsi, que vous soyez d\u00e9butant ou confirm\u00e9, vous trouverez une place au sein de notre \u00e9quipe<\/p>\n\n\n\n<div class=\"um um-register um-375\">\n\t<div class=\"um-form\" data-mode=\"register\">\n\t\t<form method=\"post\" action=\"\">\n\t\t\t<div class=\"um-row _um_row_1 \" style=\"margin: 0 0 30px 0;\"><div class=\"um-col-1\"><div  id=\"um_field_375_user_login\" class=\"um-field um-field-text  um-field-user_login um-field-text um-field-type_text\" data-key=\"user_login\"><div class=\"um-field-label\"><label for=\"user_login-375\">Identifiant<\/label><div class=\"um-clear\"><\/div><\/div><div class=\"um-field-area\"><input  autocomplete=\"off\" class=\"um-form-field valid \" type=\"text\" name=\"user_login-375\" id=\"user_login-375\" value=\"\" placeholder=\"\" data-validate=\"unique_username\" data-key=\"user_login\"  aria-invalid=\"false\" \/>\n\n\t\t\t\t\t\t<\/div><\/div><div  id=\"um_field_375_first_name\" class=\"um-field um-field-text  um-field-first_name um-field-text um-field-type_text\" data-key=\"first_name\"><div class=\"um-field-label\"><label for=\"first_name-375\">Pr\u00e9nom<\/label><div class=\"um-clear\"><\/div><\/div><div class=\"um-field-area\"><input  autocomplete=\"off\" class=\"um-form-field valid \" type=\"text\" name=\"first_name-375\" id=\"first_name-375\" value=\"\" placeholder=\"\" data-validate=\"\" data-key=\"first_name\"  aria-invalid=\"false\" \/>\n\n\t\t\t\t\t\t<\/div><\/div><div  id=\"um_field_375_last_name\" class=\"um-field um-field-text  um-field-last_name um-field-text um-field-type_text\" data-key=\"last_name\"><div class=\"um-field-label\"><label for=\"last_name-375\">Nom<\/label><div class=\"um-clear\"><\/div><\/div><div class=\"um-field-area\"><input  autocomplete=\"off\" class=\"um-form-field valid \" type=\"text\" name=\"last_name-375\" id=\"last_name-375\" value=\"\" placeholder=\"\" data-validate=\"\" data-key=\"last_name\"  aria-invalid=\"false\" \/>\n\n\t\t\t\t\t\t<\/div><\/div><div  id=\"um_field_375_user_email\" class=\"um-field um-field-text  um-field-user_email um-field-text um-field-type_text\" data-key=\"user_email\"><div class=\"um-field-label\"><label for=\"user_email-375\">Adresse e-mail<\/label><div class=\"um-clear\"><\/div><\/div><div class=\"um-field-area\"><input  autocomplete=\"off\" class=\"um-form-field valid \" type=\"text\" name=\"user_email-375\" id=\"user_email-375\" value=\"\" placeholder=\"\" data-validate=\"unique_email\" data-key=\"user_email\"  aria-invalid=\"false\" \/>\n\n\t\t\t\t\t\t<\/div><\/div><div  id=\"um_field_375_user_password\" class=\"um-field um-field-password  um-field-user_password um-field-password um-field-type_password\" data-key=\"user_password\"><div class=\"um-field-label\"><label for=\"user_password-375\">Mot de passe<\/label><div class=\"um-clear\"><\/div><\/div><div class=\"um-field-area\"><input class=\"um-form-field valid \" type=\"password\" name=\"user_password-375\" id=\"user_password-375\" value=\"\" placeholder=\"\" data-validate=\"\" data-key=\"user_password\"  aria-invalid=\"false\" \/>\n\n\t\t\t\t\t\t\t<\/div><\/div><div  id=\"um_field_375_confirm_user_password\" class=\"um-field um-field-password  um-field-user_password um-field-password um-field-type_password\" data-key=\"confirm_user_password\"><div class=\"um-field-label\"><label for=\"confirm_user_password-375\">Confirmer le Mot de passe<\/label><div class=\"um-clear\"><\/div><\/div><div class=\"um-field-area\"><input class=\"um-form-field valid \" type=\"password\" name=\"confirm_user_password-375\" id=\"confirm_user_password-375\" value=\"\" placeholder=\"Confirmer le Mot de passe\" data-validate=\"\" data-key=\"confirm_user_password\"  aria-invalid=\"false\" \/><\/div><\/div><\/div><\/div>\t<input type=\"hidden\" name=\"form_id\" id=\"form_id_375\" value=\"375\" \/>\n\t\t<p class=\"um_request_name\">\n\t\t<label for=\"um_request_375\">Only fill in if you are not human<\/label>\n\t\t<input type=\"hidden\" name=\"um_request\" id=\"um_request_375\" class=\"input\" value=\"\" size=\"25\" autocomplete=\"off\" \/>\n\t<\/p>\n\t<input type=\"hidden\" id=\"_wpnonce\" name=\"_wpnonce\" value=\"5fd2a56b62\" \/><input type=\"hidden\" name=\"_wp_http_referer\" value=\"\/index.php\/wp-json\/wp\/v2\/pages\/382\" \/>\n\t<div class=\"um-col-alt\">\n\n\t\t\n\t\t\t<div class=\"um-left um-half\">\n\t\t\t\t<input type=\"submit\" value=\"S\u2019inscrire\" class=\"um-button\" id=\"um-submit-btn\" \/>\n\t\t\t<\/div>\n\t\t\t<div class=\"um-right um-half\">\n\t\t\t\t<a href=\"https:\/\/drouet.gigagne.fr\/index.php\/connexion-team-run\/\" class=\"um-button um-alt\">\n\t\t\t\t\tConnexion\t\t\t\t<\/a>\n\t\t\t<\/div>\n\n\t\t\n\t\t<div class=\"um-clear\"><\/div>\n\n\t<\/div>\n\n\t\t\t<\/form>\n\t<\/div>\n<\/div>\n<style>\n\t\t\t.um-375.um {\n\t\t\tmax-width: 450px;\n\t\t}\n\t\t<\/style>\n\n\n\n<h2 class=\"wp-block-heading\">Pourquoi rejoindre Team Run ?<\/h2>\n\n\n\n<p>Team Run propose des courses conviviales, des formats vari\u00e9s et une organisation pens\u00e9e pour tous les niveaux. De plus, nous mettons en avant l\u2019esprit d\u2019\u00e9quipe, le partage et la bonne humeur. Chaque \u00e9v\u00e9nement est con\u00e7u pour offrir une exp\u00e9rience positive, que vous participiez seul, entre amis ou en famille. En rejoignant notre communaut\u00e9, vous profitez d\u2019un environnement motivant et d\u2019un accompagnement bienveillant. En effet, notre \u00e9quipe est toujours disponible pour vous guider et vous aider \u00e0 choisir la course qui vous correspond.<\/p>\n\n\n\n<figure class=\"wp-block-image size-large\"><img fetchpriority=\"high\" decoding=\"async\" width=\"724\" height=\"1024\" src=\"https:\/\/drouet.gigagne.fr\/wp-content\/uploads\/2026\/04\/5-km-3-copie-6-5-724x1024.png\" alt=\"\" class=\"wp-image-541\" srcset=\"https:\/\/drouet.gigagne.fr\/wp-content\/uploads\/2026\/04\/5-km-3-copie-6-5-724x1024.png 724w, https:\/\/drouet.gigagne.fr\/wp-content\/uploads\/2026\/04\/5-km-3-copie-6-5-212x300.png 212w, https:\/\/drouet.gigagne.fr\/wp-content\/uploads\/2026\/04\/5-km-3-copie-6-5-768x1086.png 768w, https:\/\/drouet.gigagne.fr\/wp-content\/uploads\/2026\/04\/5-km-3-copie-6-5.png 1061w\" sizes=\"(max-width: 724px) 100vw, 724px\" \/><\/figure>\n\n\n\n<h2 class=\"wp-block-heading\">Comment s&#8217;inscrire ?<\/h2>\n\n\n\n<p>L\u2019inscription est simple et rapide. Vous pouvez s\u00e9lectionner votre course, consulter les informations pratiques et finaliser votre participation en quelques clics. Pour obtenir des r\u00e9ponses rapides, vous pouvez \u00e9galement consulter notre <a href=\"https:\/\/drouet.gigagne.fr\/index.php\/faq-team-run-alencon-inscriptions-courses-et-infos-pratiques\/\" type=\"link\" id=\"https:\/\/drouet.gigagne.fr\/index.php\/faq-team-run-alencon-inscriptions-courses-et-infos-pratiques\/\">FAQ Team Run<\/a>, qui regroupe les questions les plus fr\u00e9quentes. Ce lien interne vous permet de mieux comprendre le fonctionnement des inscriptions et les services propos\u00e9s.<\/p>\n\n\n\n<h2 class=\"wp-block-heading\">Les avantages de rejoindre Team Run<\/h2>\n\n\n\n<p>En rejoignant Team Run, vous profitez d\u2019un environnement sportif motivant, d\u2019\u00e9v\u00e9nements accessibles \u00e0 tous et d\u2019une organisation pens\u00e9e pour offrir une exp\u00e9rience agr\u00e9able \u00e0 chaque participant. De plus, vous b\u00e9n\u00e9ficiez d\u2019un accompagnement personnalis\u00e9 avant, pendant et apr\u00e8s votre inscription. Notre \u00e9quipe met tout en \u0153uvre pour vous guider et vous aider \u00e0 progresser \u00e0 votre rythme.<\/p>\n\n\n\n<p>Par ailleurs, si vous souhaitez mieux comprendre le fonctionnement des comptes utilisateurs ou approfondir certains aspects techniques, vous pouvez consulter la documentation officielle disponible sur <a href=\"https:\/\/wordpress.org\/\" type=\"link\" id=\"https:\/\/wordpress.org\/\">wordpress.org<\/a>.<\/p>\n\n\n\n<h2 class=\"wp-block-heading\">Besoin d&#8217;aide avant de vous inscrire ?<\/h2>\n\n\n\n<p>Si vous avez une question sp\u00e9cifique avant de rejoindre Team Run, notre \u00e9quipe est disponible pour vous accompagner. Vous pouvez nous contacter directement via notre <a href=\"https:\/\/drouet.gigagne.fr\/index.php\/contact-team-run-alenco\/\" type=\"link\" id=\"https:\/\/drouet.gigagne.fr\/index.php\/contact-team-run-alenco\/\">page Contact<\/a>. Nous faisons toujours en sorte de vous guider vers la course qui vous correspond le mieux.<\/p>\n\n\n\n<div class=\"wp-block-group alignfull has-contrast-color has-text-color is-vertical is-content-justification-center is-layout-flex wp-container-core-group-is-layout-f1198d31 wp-block-group-is-layout-flex\" style=\"min-height:40vh;margin-top:0;margin-bottom:0;padding-top:var(--wp--preset--spacing--60);padding-right:var(--wp--preset--spacing--50);padding-bottom:var(--wp--preset--spacing--60);padding-left:var(--wp--preset--spacing--50)\"><div style=\"margin-bottom:6px;\" class=\"is-default-size aligncenter wp-block-site-logo\"><a href=\"https:\/\/drouet.gigagne.fr\/\" class=\"custom-logo-link\" rel=\"home\"><img decoding=\"async\" width=\"230\" height=\"250\" src=\"https:\/\/drouet.gigagne.fr\/wp-content\/uploads\/2026\/03\/cropped-TEAM-RUN-scaled-1.jpg\" class=\"custom-logo\" alt=\"Logo team run\" \/><\/a><\/div>\n\n\n<p class=\"has-text-align-center has-medium-font-size\">Proudly powered by <a href=\"https:\/\/wordpress.org\">WordPress<\/a><\/p>\n\n\n\n<ul class=\"wp-block-social-links has-normal-icon-size is-style-logos-only is-nowrap is-layout-flex wp-container-core-social-links-is-layout-53bee8aa wp-block-social-links-is-layout-flex\"><li class=\"wp-social-link wp-social-link-facebook  wp-block-social-link\"><a href=\"#\" class=\"wp-block-social-link-anchor\"><svg width=\"24\" height=\"24\" viewBox=\"0 0 24 24\" version=\"1.1\" xmlns=\"http:\/\/www.w3.org\/2000\/svg\" aria-hidden=\"true\" focusable=\"false\"><path d=\"M12 2C6.5 2 2 6.5 2 12c0 5 3.7 9.1 8.4 9.9v-7H7.9V12h2.5V9.8c0-2.5 1.5-3.9 3.8-3.9 1.1 0 2.2.2 2.2.2v2.5h-1.3c-1.2 0-1.6.8-1.6 1.6V12h2.8l-.4 2.9h-2.3v7C18.3 21.1 22 17 22 12c0-5.5-4.5-10-10-10z\"><\/path><\/svg><span class=\"wp-block-social-link-label screen-reader-text\">Facebook<\/span><\/a><\/li>\n\n<li class=\"wp-social-link wp-social-link-wordpress  wp-block-social-link\"><a href=\"#\" class=\"wp-block-social-link-anchor\"><svg width=\"24\" height=\"24\" viewBox=\"0 0 24 24\" version=\"1.1\" xmlns=\"http:\/\/www.w3.org\/2000\/svg\" aria-hidden=\"true\" focusable=\"false\"><path d=\"M12.158,12.786L9.46,20.625c0.806,0.237,1.657,0.366,2.54,0.366c1.047,0,2.051-0.181,2.986-0.51 c-0.024-0.038-0.046-0.079-0.065-0.124L12.158,12.786z M3.009,12c0,3.559,2.068,6.634,5.067,8.092L3.788,8.341 C3.289,9.459,3.009,10.696,3.009,12z M18.069,11.546c0-1.112-0.399-1.881-0.741-2.48c-0.456-0.741-0.883-1.368-0.883-2.109 c0-0.826,0.627-1.596,1.51-1.596c0.04,0,0.078,0.005,0.116,0.007C16.472,3.904,14.34,3.009,12,3.009 c-3.141,0-5.904,1.612-7.512,4.052c0.211,0.007,0.41,0.011,0.579,0.011c0.94,0,2.396-0.114,2.396-0.114 C7.947,6.93,8.004,7.642,7.52,7.699c0,0-0.487,0.057-1.029,0.085l3.274,9.739l1.968-5.901l-1.401-3.838 C9.848,7.756,9.389,7.699,9.389,7.699C8.904,7.67,8.961,6.93,9.446,6.958c0,0,1.484,0.114,2.368,0.114 c0.94,0,2.397-0.114,2.397-0.114c0.485-0.028,0.542,0.684,0.057,0.741c0,0-0.488,0.057-1.029,0.085l3.249,9.665l0.897-2.996 C17.841,13.284,18.069,12.316,18.069,11.546z M19.889,7.686c0.039,0.286,0.06,0.593,0.06,0.924c0,0.912-0.171,1.938-0.684,3.22 l-2.746,7.94c2.673-1.558,4.47-4.454,4.47-7.771C20.991,10.436,20.591,8.967,19.889,7.686z M12,22C6.486,22,2,17.514,2,12 C2,6.486,6.486,2,12,2c5.514,0,10,4.486,10,10C22,17.514,17.514,22,12,22z\"><\/path><\/svg><span class=\"wp-block-social-link-label screen-reader-text\">WordPress<\/span><\/a><\/li>\n\n<\/ul>\n<\/div>\n<div class=\"sharing-default-minimal post-bottom\"><div class=\"nectar-social default\" data-position=\"\" data-rm-love=\"0\" data-color-override=\"override\"><div class=\"nectar-social-inner\"><a href=\"#\" class=\"nectar-love\" id=\"nectar-love-382\" title=\"Love this\"> <i class=\"icon-salient-heart-2\"><\/i><span class=\"love-text\">Love<\/span><span class=\"total_loves\"><span class=\"nectar-love-count\">0<\/span><\/span><\/a><a class='facebook-share nectar-sharing' href='#' title='Share this'> <i class='fa fa-facebook'><\/i> <span class='social-text'>Share<\/span> <\/a><a class='twitter-share nectar-sharing' href='#' title='Share this'> <i class='fa icon-salient-x-twitter'><\/i> <span class='social-text'>Share<\/span> <\/a><a class='linkedin-share nectar-sharing' href='#' title='Share this'> <i class='fa fa-linkedin'><\/i> <span class='social-text'>Share<\/span> <\/a><a class='pinterest-share nectar-sharing' href='#' title='Pin this'> <i class='fa fa-pinterest'><\/i> <span class='social-text'>Pin<\/span> <\/a><\/div><\/div><\/div>","protected":false},"excerpt":{"rendered":"<p>Rejoindre Team Run, c\u2019est int\u00e9grer une communaut\u00e9 sportive dynamique, accessible et ouverte \u00e0 tous. Gr\u00e2ce \u00e0 cette page rejoindre Team Run, vous pouvez d\u00e9couvrir comment participer \u00e0 nos \u00e9v\u00e9nements, comment&hellip;&nbsp;<\/p>\n","protected":false},"author":1,"featured_media":0,"parent":0,"menu_order":0,"comment_status":"closed","ping_status":"closed","template":"","meta":{"neve_meta_sidebar":"","neve_meta_container":"","neve_meta_enable_content_width":"","neve_meta_content_width":0,"neve_meta_title_alignment":"","neve_meta_author_avatar":"","neve_post_elements_order":"","neve_meta_disable_header":"","neve_meta_disable_footer":"","neve_meta_disable_title":"","_themeisle_gutenberg_block_has_review":false,"footnotes":""},"class_list":["post-382","page","type-page","status-publish","hentry"],"yoast_head":"<!-- This site is optimized with the Yoast SEO plugin v27.4 - https:\/\/yoast.com\/product\/yoast-seo-wordpress\/ -->\n<title>Rejoindre Team Run - Inscription et participation aux courses<\/title>\n<meta name=\"description\" content=\"Rejoindre Team Run, et participez \u00e0 nos courses accessibles et conviviales. D\u00e9couvrez comment vous inscrire, les avantages de nous rejoindre.\" \/>\n<meta name=\"robots\" content=\"index, follow, max-snippet:-1, max-image-preview:large, max-video-preview:-1\" \/>\n<link rel=\"canonical\" href=\"https:\/\/drouet.gigagne.fr\/index.php\/rejoindre-team-run-alencon\/\" \/>\n<meta property=\"og:locale\" content=\"fr_FR\" \/>\n<meta property=\"og:type\" content=\"article\" \/>\n<meta property=\"og:title\" content=\"Rejoindre Team Run - Inscription et participation aux courses\" \/>\n<meta property=\"og:description\" content=\"Rejoindre Team Run, et participez \u00e0 nos courses accessibles et conviviales. D\u00e9couvrez comment vous inscrire, les avantages de nous rejoindre.\" \/>\n<meta property=\"og:url\" content=\"https:\/\/drouet.gigagne.fr\/index.php\/rejoindre-team-run-alencon\/\" \/>\n<meta property=\"og:site_name\" content=\"Team run\" \/>\n<meta property=\"article:modified_time\" content=\"2026-04-18T18:17:49+00:00\" \/>\n<meta property=\"og:image\" content=\"https:\/\/drouet.gigagne.fr\/wp-content\/uploads\/2026\/04\/5-km-3-copie-6-5.png\" \/>\n\t<meta property=\"og:image:width\" content=\"1061\" \/>\n\t<meta property=\"og:image:height\" content=\"1500\" \/>\n\t<meta property=\"og:image:type\" content=\"image\/png\" \/>\n<meta name=\"twitter:card\" content=\"summary_large_image\" \/>\n<meta name=\"twitter:label1\" content=\"Dur\u00e9e de lecture estim\u00e9e\" \/>\n\t<meta name=\"twitter:data1\" content=\"3 minutes\" \/>\n<script type=\"application\/ld+json\" class=\"yoast-schema-graph\">{\"@context\":\"https:\\\/\\\/schema.org\",\"@graph\":[{\"@type\":\"WebPage\",\"@id\":\"https:\\\/\\\/drouet.gigagne.fr\\\/index.php\\\/rejoindre-team-run-alencon\\\/\",\"url\":\"https:\\\/\\\/drouet.gigagne.fr\\\/index.php\\\/rejoindre-team-run-alencon\\\/\",\"name\":\"Rejoindre Team Run - Inscription et participation aux courses\",\"isPartOf\":{\"@id\":\"https:\\\/\\\/drouet.gigagne.fr\\\/#website\"},\"primaryImageOfPage\":{\"@id\":\"https:\\\/\\\/drouet.gigagne.fr\\\/index.php\\\/rejoindre-team-run-alencon\\\/#primaryimage\"},\"image\":{\"@id\":\"https:\\\/\\\/drouet.gigagne.fr\\\/index.php\\\/rejoindre-team-run-alencon\\\/#primaryimage\"},\"thumbnailUrl\":\"https:\\\/\\\/drouet.gigagne.fr\\\/wp-content\\\/uploads\\\/2026\\\/04\\\/5-km-3-copie-6-5-724x1024.png\",\"datePublished\":\"2026-04-12T18:32:22+00:00\",\"dateModified\":\"2026-04-18T18:17:49+00:00\",\"description\":\"Rejoindre Team Run, et participez \u00e0 nos courses accessibles et conviviales. D\u00e9couvrez comment vous inscrire, les avantages de nous rejoindre.\",\"breadcrumb\":{\"@id\":\"https:\\\/\\\/drouet.gigagne.fr\\\/index.php\\\/rejoindre-team-run-alencon\\\/#breadcrumb\"},\"inLanguage\":\"fr-FR\",\"potentialAction\":[{\"@type\":\"ReadAction\",\"target\":[\"https:\\\/\\\/drouet.gigagne.fr\\\/index.php\\\/rejoindre-team-run-alencon\\\/\"]}]},{\"@type\":\"ImageObject\",\"inLanguage\":\"fr-FR\",\"@id\":\"https:\\\/\\\/drouet.gigagne.fr\\\/index.php\\\/rejoindre-team-run-alencon\\\/#primaryimage\",\"url\":\"https:\\\/\\\/drouet.gigagne.fr\\\/wp-content\\\/uploads\\\/2026\\\/04\\\/5-km-3-copie-6-5.png\",\"contentUrl\":\"https:\\\/\\\/drouet.gigagne.fr\\\/wp-content\\\/uploads\\\/2026\\\/04\\\/5-km-3-copie-6-5.png\",\"width\":1061,\"height\":1500},{\"@type\":\"BreadcrumbList\",\"@id\":\"https:\\\/\\\/drouet.gigagne.fr\\\/index.php\\\/rejoindre-team-run-alencon\\\/#breadcrumb\",\"itemListElement\":[{\"@type\":\"ListItem\",\"position\":1,\"name\":\"Accueil\",\"item\":\"https:\\\/\\\/drouet.gigagne.fr\\\/\"},{\"@type\":\"ListItem\",\"position\":2,\"name\":\"Rejoindre Team Run\"}]},{\"@type\":\"WebSite\",\"@id\":\"https:\\\/\\\/drouet.gigagne.fr\\\/#website\",\"url\":\"https:\\\/\\\/drouet.gigagne.fr\\\/\",\"name\":\"Team run\",\"description\":\"Le running qui rassemble\",\"publisher\":{\"@id\":\"https:\\\/\\\/drouet.gigagne.fr\\\/#organization\"},\"potentialAction\":[{\"@type\":\"SearchAction\",\"target\":{\"@type\":\"EntryPoint\",\"urlTemplate\":\"https:\\\/\\\/drouet.gigagne.fr\\\/?s={search_term_string}\"},\"query-input\":{\"@type\":\"PropertyValueSpecification\",\"valueRequired\":true,\"valueName\":\"search_term_string\"}}],\"inLanguage\":\"fr-FR\"},{\"@type\":\"Organization\",\"@id\":\"https:\\\/\\\/drouet.gigagne.fr\\\/#organization\",\"name\":\"Team run\",\"url\":\"https:\\\/\\\/drouet.gigagne.fr\\\/\",\"logo\":{\"@type\":\"ImageObject\",\"inLanguage\":\"fr-FR\",\"@id\":\"https:\\\/\\\/drouet.gigagne.fr\\\/#\\\/schema\\\/logo\\\/image\\\/\",\"url\":\"https:\\\/\\\/drouet.gigagne.fr\\\/wp-content\\\/uploads\\\/2026\\\/03\\\/cropped-TEAM-RUN-scaled-1.jpg\",\"contentUrl\":\"https:\\\/\\\/drouet.gigagne.fr\\\/wp-content\\\/uploads\\\/2026\\\/03\\\/cropped-TEAM-RUN-scaled-1.jpg\",\"width\":230,\"height\":250,\"caption\":\"Team run\"},\"image\":{\"@id\":\"https:\\\/\\\/drouet.gigagne.fr\\\/#\\\/schema\\\/logo\\\/image\\\/\"}}]}<\/script>\n<!-- \/ Yoast SEO plugin. -->","yoast_head_json":{"title":"Rejoindre Team Run - Inscription et participation aux courses","description":"Rejoindre Team Run, et participez \u00e0 nos courses accessibles et conviviales. D\u00e9couvrez comment vous inscrire, les avantages de nous rejoindre.","robots":{"index":"index","follow":"follow","max-snippet":"max-snippet:-1","max-image-preview":"max-image-preview:large","max-video-preview":"max-video-preview:-1"},"canonical":"https:\/\/drouet.gigagne.fr\/index.php\/rejoindre-team-run-alencon\/","og_locale":"fr_FR","og_type":"article","og_title":"Rejoindre Team Run - Inscription et participation aux courses","og_description":"Rejoindre Team Run, et participez \u00e0 nos courses accessibles et conviviales. D\u00e9couvrez comment vous inscrire, les avantages de nous rejoindre.","og_url":"https:\/\/drouet.gigagne.fr\/index.php\/rejoindre-team-run-alencon\/","og_site_name":"Team run","article_modified_time":"2026-04-18T18:17:49+00:00","og_image":[{"width":1061,"height":1500,"url":"https:\/\/drouet.gigagne.fr\/wp-content\/uploads\/2026\/04\/5-km-3-copie-6-5.png","type":"image\/png"}],"twitter_card":"summary_large_image","twitter_misc":{"Dur\u00e9e de lecture estim\u00e9e":"3 minutes"},"schema":{"@context":"https:\/\/schema.org","@graph":[{"@type":"WebPage","@id":"https:\/\/drouet.gigagne.fr\/index.php\/rejoindre-team-run-alencon\/","url":"https:\/\/drouet.gigagne.fr\/index.php\/rejoindre-team-run-alencon\/","name":"Rejoindre Team Run - Inscription et participation aux courses","isPartOf":{"@id":"https:\/\/drouet.gigagne.fr\/#website"},"primaryImageOfPage":{"@id":"https:\/\/drouet.gigagne.fr\/index.php\/rejoindre-team-run-alencon\/#primaryimage"},"image":{"@id":"https:\/\/drouet.gigagne.fr\/index.php\/rejoindre-team-run-alencon\/#primaryimage"},"thumbnailUrl":"https:\/\/drouet.gigagne.fr\/wp-content\/uploads\/2026\/04\/5-km-3-copie-6-5-724x1024.png","datePublished":"2026-04-12T18:32:22+00:00","dateModified":"2026-04-18T18:17:49+00:00","description":"Rejoindre Team Run, et participez \u00e0 nos courses accessibles et conviviales. D\u00e9couvrez comment vous inscrire, les avantages de nous rejoindre.","breadcrumb":{"@id":"https:\/\/drouet.gigagne.fr\/index.php\/rejoindre-team-run-alencon\/#breadcrumb"},"inLanguage":"fr-FR","potentialAction":[{"@type":"ReadAction","target":["https:\/\/drouet.gigagne.fr\/index.php\/rejoindre-team-run-alencon\/"]}]},{"@type":"ImageObject","inLanguage":"fr-FR","@id":"https:\/\/drouet.gigagne.fr\/index.php\/rejoindre-team-run-alencon\/#primaryimage","url":"https:\/\/drouet.gigagne.fr\/wp-content\/uploads\/2026\/04\/5-km-3-copie-6-5.png","contentUrl":"https:\/\/drouet.gigagne.fr\/wp-content\/uploads\/2026\/04\/5-km-3-copie-6-5.png","width":1061,"height":1500},{"@type":"BreadcrumbList","@id":"https:\/\/drouet.gigagne.fr\/index.php\/rejoindre-team-run-alencon\/#breadcrumb","itemListElement":[{"@type":"ListItem","position":1,"name":"Accueil","item":"https:\/\/drouet.gigagne.fr\/"},{"@type":"ListItem","position":2,"name":"Rejoindre Team Run"}]},{"@type":"WebSite","@id":"https:\/\/drouet.gigagne.fr\/#website","url":"https:\/\/drouet.gigagne.fr\/","name":"Team run","description":"Le running qui rassemble","publisher":{"@id":"https:\/\/drouet.gigagne.fr\/#organization"},"potentialAction":[{"@type":"SearchAction","target":{"@type":"EntryPoint","urlTemplate":"https:\/\/drouet.gigagne.fr\/?s={search_term_string}"},"query-input":{"@type":"PropertyValueSpecification","valueRequired":true,"valueName":"search_term_string"}}],"inLanguage":"fr-FR"},{"@type":"Organization","@id":"https:\/\/drouet.gigagne.fr\/#organization","name":"Team run","url":"https:\/\/drouet.gigagne.fr\/","logo":{"@type":"ImageObject","inLanguage":"fr-FR","@id":"https:\/\/drouet.gigagne.fr\/#\/schema\/logo\/image\/","url":"https:\/\/drouet.gigagne.fr\/wp-content\/uploads\/2026\/03\/cropped-TEAM-RUN-scaled-1.jpg","contentUrl":"https:\/\/drouet.gigagne.fr\/wp-content\/uploads\/2026\/03\/cropped-TEAM-RUN-scaled-1.jpg","width":230,"height":250,"caption":"Team run"},"image":{"@id":"https:\/\/drouet.gigagne.fr\/#\/schema\/logo\/image\/"}}]}},"_links":{"self":[{"href":"https:\/\/drouet.gigagne.fr\/index.php\/wp-json\/wp\/v2\/pages\/382","targetHints":{"allow":["GET"]}}],"collection":[{"href":"https:\/\/drouet.gigagne.fr\/index.php\/wp-json\/wp\/v2\/pages"}],"about":[{"href":"https:\/\/drouet.gigagne.fr\/index.php\/wp-json\/wp\/v2\/types\/page"}],"author":[{"embeddable":true,"href":"https:\/\/drouet.gigagne.fr\/index.php\/wp-json\/wp\/v2\/users\/1"}],"replies":[{"embeddable":true,"href":"https:\/\/drouet.gigagne.fr\/index.php\/wp-json\/wp\/v2\/comments?post=382"}],"version-history":[{"count":5,"href":"https:\/\/drouet.gigagne.fr\/index.php\/wp-json\/wp\/v2\/pages\/382\/revisions"}],"predecessor-version":[{"id":564,"href":"https:\/\/drouet.gigagne.fr\/index.php\/wp-json\/wp\/v2\/pages\/382\/revisions\/564"}],"wp:attachment":[{"href":"https:\/\/drouet.gigagne.fr\/index.php\/wp-json\/wp\/v2\/media?parent=382"}],"curies":[{"name":"wp","href":"https:\/\/api.w.org\/{rel}","templated":true}]}}