{"id":381,"date":"2026-04-12T19:32:22","date_gmt":"2026-04-12T18:32:22","guid":{"rendered":"https:\/\/drouet.gigagne.fr\/index.php\/login\/"},"modified":"2026-04-18T19:21:53","modified_gmt":"2026-04-18T18:21:53","slug":"connexion-team-run","status":"publish","type":"page","link":"https:\/\/drouet.gigagne.fr\/index.php\/connexion-team-run\/","title":{"rendered":"Connexion"},"content":{"rendered":"\n<div class=\"um um-login um-376\">\n\t<div class=\"um-form\">\n\t\t<form method=\"post\" action=\"\" autocomplete=\"off\">\n\t\t\t<div class=\"um-row _um_row_1 \" style=\"margin: 0 0 30px 0;\"><div class=\"um-col-1\"><div  id=\"um_field_376_username\" class=\"um-field um-field-text  um-field-username um-field-text um-field-type_text\" data-key=\"username\"><div class=\"um-field-label\"><label for=\"username-376\">Identifiant ou e-mail<\/label><div class=\"um-clear\"><\/div><\/div><div class=\"um-field-area\"><input  autocomplete=\"off\" class=\"um-form-field valid \" type=\"text\" name=\"username-376\" id=\"username-376\" value=\"\" placeholder=\"\" data-validate=\"unique_username_or_email\" data-key=\"username\"  aria-invalid=\"false\" \/>\n\n\t\t\t\t\t\t<\/div><\/div><div  id=\"um_field_376_user_password\" class=\"um-field um-field-password  um-field-user_password um-field-password um-field-type_password\" data-key=\"user_password\"><div class=\"um-field-label\"><label for=\"user_password-376\">Mot de passe<\/label><div class=\"um-clear\"><\/div><\/div><div class=\"um-field-area\"><input class=\"um-form-field valid \" type=\"password\" name=\"user_password-376\" id=\"user_password-376\" value=\"\" placeholder=\"\" data-validate=\"\" data-key=\"user_password\"  aria-invalid=\"false\" \/>\n\n\t\t\t\t\t\t\t<\/div><\/div><\/div><\/div>\t<input type=\"hidden\" name=\"form_id\" id=\"form_id_376\" value=\"376\" \/>\n\t\t<p class=\"um_request_name\">\n\t\t<label for=\"um_request_376\">Only fill in if you are not human<\/label>\n\t\t<input type=\"hidden\" name=\"um_request\" id=\"um_request_376\" class=\"input\" value=\"\" size=\"25\" autocomplete=\"off\" \/>\n\t<\/p>\n\t<input type=\"hidden\" id=\"_wpnonce\" name=\"_wpnonce\" value=\"2642e0a5d1\" \/><input type=\"hidden\" name=\"_wp_http_referer\" value=\"\/index.php\/wp-json\/wp\/v2\/pages\/381\" \/>\n\t<div class=\"um-col-alt\">\n\n\t\t\n\n\t\t\t<div class=\"um-field um-field-c\">\n\t\t\t\t<div class=\"um-field-area\">\n\t\t\t\t\t<label class=\"um-field-checkbox\">\n\t\t\t\t\t\t<input type=\"checkbox\" name=\"rememberme\" value=\"1\"  \/>\n\t\t\t\t\t\t<span class=\"um-field-checkbox-state\"><i class=\"um-icon-android-checkbox-outline-blank\"><\/i><\/span>\n\t\t\t\t\t\t<span class=\"um-field-checkbox-option\"> Se souvenir de moi<\/span>\n\t\t\t\t\t<\/label>\n\t\t\t\t<\/div>\n\t\t\t<\/div>\n\n\t\t\t\t\t\t<div class=\"um-clear\"><\/div>\n\t\t\n\t\t\t<div class=\"um-left um-half\">\n\t\t\t\t<input type=\"submit\" value=\"Connexion\" class=\"um-button\" id=\"um-submit-btn\" \/>\n\t\t\t<\/div>\n\t\t\t<div class=\"um-right um-half\">\n\t\t\t\t<a href=\"https:\/\/drouet.gigagne.fr\/index.php\/rejoindre-team-run-alencon\/\" class=\"um-button um-alt\">\n\t\t\t\t\tS\u2019inscrire\t\t\t\t<\/a>\n\t\t\t<\/div>\n\n\t\t\n\t\t<div class=\"um-clear\"><\/div>\n\n\t<\/div>\n\n\t\n\t<div class=\"um-col-alt-b\">\n\t\t<a href=\"https:\/\/drouet.gigagne.fr\/index.php\/password-reset\/\" class=\"um-link-alt\">\n\t\t\tMot de passe oubli\u00e9\u00a0?\t\t<\/a>\n\t<\/div>\n\n\t\t\t<\/form>\n\t<\/div>\n<\/div>\n<style>\n\t\t\t.um-376.um {\n\t\t\tmax-width: 450px;\n\t\t}\n\t\t<\/style>\n\n\n\n<h2 class=\"wp-block-heading\">Connexion \u00e0 votre espace Team Run<\/h2>\n\n\n\n<p>Bienvenue sur la page connexion \u00e0 votre espace Team Run, l\u2019espace s\u00e9curis\u00e9 qui vous permet d\u2019acc\u00e9der facilement \u00e0 toutes vos informations personnelles li\u00e9es aux \u00e9v\u00e9nements. Gr\u00e2ce \u00e0 cet acc\u00e8s, vous pouvez suivre vos inscriptions, consulter vos donn\u00e9es et g\u00e9rer votre participation aux courses en toute autonomie. Cet espace a \u00e9t\u00e9 con\u00e7u pour simplifier votre exp\u00e9rience et vous offrir une navigation fluide. Ainsi, vous retrouvez rapidement tout ce dont vous avez besoin pour pr\u00e9parer vos prochaines courses. Si vous d\u00e9butez sur notre site, vous pouvez consulter notre <a href=\"https:\/\/drouet.gigagne.fr\/index.php\/faq-team-run-alencon-inscriptions-courses-et-infos-pratiques\/\" type=\"link\" id=\"https:\/\/drouet.gigagne.fr\/index.php\/faq-team-run-alencon-inscriptions-courses-et-infos-pratiques\/\">FAQ Team Run<\/a> pour obtenir des r\u00e9ponses rapides aux questions les plus fr\u00e9quentes.<\/p>\n\n\n\n<figure class=\"wp-block-image size-large\"><img fetchpriority=\"high\" decoding=\"async\" width=\"724\" height=\"1024\" src=\"https:\/\/drouet.gigagne.fr\/wp-content\/uploads\/2026\/04\/5-km-3-copie-6-4-724x1024.png\" alt=\"\" class=\"wp-image-536\" srcset=\"https:\/\/drouet.gigagne.fr\/wp-content\/uploads\/2026\/04\/5-km-3-copie-6-4-724x1024.png 724w, https:\/\/drouet.gigagne.fr\/wp-content\/uploads\/2026\/04\/5-km-3-copie-6-4-212x300.png 212w, https:\/\/drouet.gigagne.fr\/wp-content\/uploads\/2026\/04\/5-km-3-copie-6-4-768x1086.png 768w, https:\/\/drouet.gigagne.fr\/wp-content\/uploads\/2026\/04\/5-km-3-copie-6-4.png 1061w\" sizes=\"(max-width: 724px) 100vw, 724px\" \/><\/figure>\n\n\n\n<h2 class=\"wp-block-heading\">Votre espace personnel Team Run<\/h2>\n\n\n\n<p>L\u2019espace personnel Team Run centralise vos informations afin de vous accompagner avant, pendant et apr\u00e8s chaque \u00e9v\u00e9nement. Vous pouvez y v\u00e9rifier vos inscriptions, mettre \u00e0 jour vos coordonn\u00e9es ou consulter les d\u00e9tails des courses auxquelles vous participez. De plus, cet espace vous permet de suivre l\u2019\u00e9volution de vos d\u00e9marches en temps r\u00e9el. Si vous d\u00e9butez sur notre site, vous pouvez \u00e9galement consulter notre FAQ Team Run Alen\u00e7on pour obtenir des r\u00e9ponses rapides aux questions les plus fr\u00e9quentes. En effet, cet outil vous aide \u00e0 mieux comprendre le fonctionnement des inscriptions et des services propos\u00e9s.<\/p>\n\n\n\n<h3 class=\"wp-block-heading\">Acc\u00e9der \u00e0 votre compte<\/h3>\n\n\n\n<p>Pour continuer, entrez simplement vos identifiants dans le formulaire ci\u2011dessous. Ensuite, vous serez redirig\u00e9 vers votre tableau de bord personnel. Si vous rencontrez un probl\u00e8me de connexion, vous pouvez utiliser la fonction \u00ab mot de passe oubli\u00e9 \u00bb ou consulter la documentation officielle de WordPress sur la gestion des comptes utilisateurs via le site wordpress.org. Par ailleurs, si vous avez besoin d\u2019une assistance plus sp\u00e9cifique, notre \u00e9quipe reste disponible via la page Contact. En somme, la connexion Team Run vous permet de g\u00e9rer votre exp\u00e9rience running en toute simplicit\u00e9 et en toute s\u00e9curit\u00e9. Si vous rencontrez un probl\u00e8me de connexion, vous pouvez consulter la documentation officielle de WordPress sur la gestion des comptes utilisateurs via <a href=\"https:\/\/wordpress.org\/\" type=\"link\" id=\"https:\/\/wordpress.org\/\">le site wordpress.org <\/a><\/p>\n\n\n\n<div class=\"wp-block-group alignfull has-contrast-color has-text-color is-vertical is-content-justification-center is-layout-flex wp-container-core-group-is-layout-f1198d31 wp-block-group-is-layout-flex\" style=\"min-height:40vh;margin-top:0;margin-bottom:0;padding-top:var(--wp--preset--spacing--60);padding-right:var(--wp--preset--spacing--50);padding-bottom:var(--wp--preset--spacing--60);padding-left:var(--wp--preset--spacing--50)\"><div style=\"margin-bottom:6px;\" class=\"is-default-size aligncenter wp-block-site-logo\"><a href=\"https:\/\/drouet.gigagne.fr\/\" class=\"custom-logo-link\" rel=\"home\"><img decoding=\"async\" width=\"230\" height=\"250\" src=\"https:\/\/drouet.gigagne.fr\/wp-content\/uploads\/2026\/03\/cropped-TEAM-RUN-scaled-1.jpg\" class=\"custom-logo\" alt=\"Logo team run\" \/><\/a><\/div>\n\n\n<p class=\"has-text-align-center has-medium-font-size\">Proudly powered by <a href=\"https:\/\/wordpress.org\">WordPress<\/a><\/p>\n\n\n\n<ul class=\"wp-block-social-links has-normal-icon-size is-style-logos-only is-nowrap is-layout-flex wp-container-core-social-links-is-layout-53bee8aa wp-block-social-links-is-layout-flex\"><li class=\"wp-social-link wp-social-link-facebook  wp-block-social-link\"><a href=\"#\" class=\"wp-block-social-link-anchor\"><svg width=\"24\" height=\"24\" viewBox=\"0 0 24 24\" version=\"1.1\" xmlns=\"http:\/\/www.w3.org\/2000\/svg\" aria-hidden=\"true\" focusable=\"false\"><path d=\"M12 2C6.5 2 2 6.5 2 12c0 5 3.7 9.1 8.4 9.9v-7H7.9V12h2.5V9.8c0-2.5 1.5-3.9 3.8-3.9 1.1 0 2.2.2 2.2.2v2.5h-1.3c-1.2 0-1.6.8-1.6 1.6V12h2.8l-.4 2.9h-2.3v7C18.3 21.1 22 17 22 12c0-5.5-4.5-10-10-10z\"><\/path><\/svg><span class=\"wp-block-social-link-label screen-reader-text\">Facebook<\/span><\/a><\/li>\n\n<li class=\"wp-social-link wp-social-link-wordpress  wp-block-social-link\"><a href=\"#\" class=\"wp-block-social-link-anchor\"><svg width=\"24\" height=\"24\" viewBox=\"0 0 24 24\" version=\"1.1\" xmlns=\"http:\/\/www.w3.org\/2000\/svg\" aria-hidden=\"true\" focusable=\"false\"><path d=\"M12.158,12.786L9.46,20.625c0.806,0.237,1.657,0.366,2.54,0.366c1.047,0,2.051-0.181,2.986-0.51 c-0.024-0.038-0.046-0.079-0.065-0.124L12.158,12.786z M3.009,12c0,3.559,2.068,6.634,5.067,8.092L3.788,8.341 C3.289,9.459,3.009,10.696,3.009,12z M18.069,11.546c0-1.112-0.399-1.881-0.741-2.48c-0.456-0.741-0.883-1.368-0.883-2.109 c0-0.826,0.627-1.596,1.51-1.596c0.04,0,0.078,0.005,0.116,0.007C16.472,3.904,14.34,3.009,12,3.009 c-3.141,0-5.904,1.612-7.512,4.052c0.211,0.007,0.41,0.011,0.579,0.011c0.94,0,2.396-0.114,2.396-0.114 C7.947,6.93,8.004,7.642,7.52,7.699c0,0-0.487,0.057-1.029,0.085l3.274,9.739l1.968-5.901l-1.401-3.838 C9.848,7.756,9.389,7.699,9.389,7.699C8.904,7.67,8.961,6.93,9.446,6.958c0,0,1.484,0.114,2.368,0.114 c0.94,0,2.397-0.114,2.397-0.114c0.485-0.028,0.542,0.684,0.057,0.741c0,0-0.488,0.057-1.029,0.085l3.249,9.665l0.897-2.996 C17.841,13.284,18.069,12.316,18.069,11.546z M19.889,7.686c0.039,0.286,0.06,0.593,0.06,0.924c0,0.912-0.171,1.938-0.684,3.22 l-2.746,7.94c2.673-1.558,4.47-4.454,4.47-7.771C20.991,10.436,20.591,8.967,19.889,7.686z M12,22C6.486,22,2,17.514,2,12 C2,6.486,6.486,2,12,2c5.514,0,10,4.486,10,10C22,17.514,17.514,22,12,22z\"><\/path><\/svg><span class=\"wp-block-social-link-label screen-reader-text\">WordPress<\/span><\/a><\/li>\n\n<\/ul>\n<\/div>\n<div class=\"sharing-default-minimal post-bottom\"><div class=\"nectar-social default\" data-position=\"\" data-rm-love=\"0\" data-color-override=\"override\"><div class=\"nectar-social-inner\"><a href=\"#\" class=\"nectar-love\" id=\"nectar-love-381\" title=\"Love this\"> <i class=\"icon-salient-heart-2\"><\/i><span class=\"love-text\">Love<\/span><span class=\"total_loves\"><span class=\"nectar-love-count\">0<\/span><\/span><\/a><a class='facebook-share nectar-sharing' href='#' title='Share this'> <i class='fa fa-facebook'><\/i> <span class='social-text'>Share<\/span> <\/a><a class='twitter-share nectar-sharing' href='#' title='Share this'> <i class='fa icon-salient-x-twitter'><\/i> <span class='social-text'>Share<\/span> <\/a><a class='linkedin-share nectar-sharing' href='#' title='Share this'> <i class='fa fa-linkedin'><\/i> <span class='social-text'>Share<\/span> <\/a><a class='pinterest-share nectar-sharing' href='#' title='Pin this'> <i class='fa fa-pinterest'><\/i> <span class='social-text'>Pin<\/span> <\/a><\/div><\/div><\/div>","protected":false},"excerpt":{"rendered":"<p>Connexion \u00e0 votre espace Team Run Bienvenue sur la page connexion \u00e0 votre espace Team Run, l\u2019espace s\u00e9curis\u00e9 qui vous permet d\u2019acc\u00e9der facilement \u00e0 toutes vos informations personnelles li\u00e9es aux&hellip;&nbsp;<\/p>\n","protected":false},"author":1,"featured_media":0,"parent":0,"menu_order":0,"comment_status":"closed","ping_status":"closed","template":"","meta":{"neve_meta_sidebar":"","neve_meta_container":"","neve_meta_enable_content_width":"","neve_meta_content_width":0,"neve_meta_title_alignment":"","neve_meta_author_avatar":"","neve_post_elements_order":"","neve_meta_disable_header":"","neve_meta_disable_footer":"","neve_meta_disable_title":"","_themeisle_gutenberg_block_has_review":false,"footnotes":""},"class_list":["post-381","page","type-page","status-publish","hentry"],"yoast_head":"<!-- This site is optimized with the Yoast SEO plugin v27.4 - https:\/\/yoast.com\/product\/yoast-seo-wordpress\/ -->\n<title>Connexion Team Run- Acc\u00e8dez \u00e0 votre espace<\/title>\n<meta name=\"description\" content=\"Connectez vous \u00e0 votre espace Team Run pour g\u00e9rer vos inscriptions, consulter vos informations et acc\u00e9der \u00e0 vos services en tout simplicit\u00e9.\" \/>\n<meta name=\"robots\" content=\"index, follow, max-snippet:-1, max-image-preview:large, max-video-preview:-1\" \/>\n<link rel=\"canonical\" href=\"https:\/\/drouet.gigagne.fr\/index.php\/connexion-team-run\/\" \/>\n<meta property=\"og:locale\" content=\"fr_FR\" \/>\n<meta property=\"og:type\" content=\"article\" \/>\n<meta property=\"og:title\" content=\"Connexion Team Run- Acc\u00e8dez \u00e0 votre espace\" \/>\n<meta property=\"og:description\" content=\"Connectez vous \u00e0 votre espace Team Run pour g\u00e9rer vos inscriptions, consulter vos informations et acc\u00e9der \u00e0 vos services en tout simplicit\u00e9.\" \/>\n<meta property=\"og:url\" content=\"https:\/\/drouet.gigagne.fr\/index.php\/connexion-team-run\/\" \/>\n<meta property=\"og:site_name\" content=\"Team run\" \/>\n<meta property=\"article:modified_time\" content=\"2026-04-18T18:21:53+00:00\" \/>\n<meta property=\"og:image\" content=\"https:\/\/drouet.gigagne.fr\/wp-content\/uploads\/2026\/04\/5-km-3-copie-6-4-724x1024.png\" \/>\n<meta name=\"twitter:card\" content=\"summary_large_image\" \/>\n<meta name=\"twitter:label1\" content=\"Dur\u00e9e de lecture estim\u00e9e\" \/>\n\t<meta name=\"twitter:data1\" content=\"2 minutes\" \/>\n<script type=\"application\/ld+json\" class=\"yoast-schema-graph\">{\"@context\":\"https:\\\/\\\/schema.org\",\"@graph\":[{\"@type\":\"WebPage\",\"@id\":\"https:\\\/\\\/drouet.gigagne.fr\\\/index.php\\\/connexion-team-run\\\/\",\"url\":\"https:\\\/\\\/drouet.gigagne.fr\\\/index.php\\\/connexion-team-run\\\/\",\"name\":\"Connexion Team Run- Acc\u00e8dez \u00e0 votre espace\",\"isPartOf\":{\"@id\":\"https:\\\/\\\/drouet.gigagne.fr\\\/#website\"},\"primaryImageOfPage\":{\"@id\":\"https:\\\/\\\/drouet.gigagne.fr\\\/index.php\\\/connexion-team-run\\\/#primaryimage\"},\"image\":{\"@id\":\"https:\\\/\\\/drouet.gigagne.fr\\\/index.php\\\/connexion-team-run\\\/#primaryimage\"},\"thumbnailUrl\":\"https:\\\/\\\/drouet.gigagne.fr\\\/wp-content\\\/uploads\\\/2026\\\/04\\\/5-km-3-copie-6-4-724x1024.png\",\"datePublished\":\"2026-04-12T18:32:22+00:00\",\"dateModified\":\"2026-04-18T18:21:53+00:00\",\"description\":\"Connectez vous \u00e0 votre espace Team Run pour g\u00e9rer vos inscriptions, consulter vos informations et acc\u00e9der \u00e0 vos services en tout simplicit\u00e9.\",\"breadcrumb\":{\"@id\":\"https:\\\/\\\/drouet.gigagne.fr\\\/index.php\\\/connexion-team-run\\\/#breadcrumb\"},\"inLanguage\":\"fr-FR\",\"potentialAction\":[{\"@type\":\"ReadAction\",\"target\":[\"https:\\\/\\\/drouet.gigagne.fr\\\/index.php\\\/connexion-team-run\\\/\"]}]},{\"@type\":\"ImageObject\",\"inLanguage\":\"fr-FR\",\"@id\":\"https:\\\/\\\/drouet.gigagne.fr\\\/index.php\\\/connexion-team-run\\\/#primaryimage\",\"url\":\"https:\\\/\\\/drouet.gigagne.fr\\\/wp-content\\\/uploads\\\/2026\\\/04\\\/5-km-3-copie-6-4.png\",\"contentUrl\":\"https:\\\/\\\/drouet.gigagne.fr\\\/wp-content\\\/uploads\\\/2026\\\/04\\\/5-km-3-copie-6-4.png\",\"width\":1061,\"height\":1500},{\"@type\":\"BreadcrumbList\",\"@id\":\"https:\\\/\\\/drouet.gigagne.fr\\\/index.php\\\/connexion-team-run\\\/#breadcrumb\",\"itemListElement\":[{\"@type\":\"ListItem\",\"position\":1,\"name\":\"Accueil\",\"item\":\"https:\\\/\\\/drouet.gigagne.fr\\\/\"},{\"@type\":\"ListItem\",\"position\":2,\"name\":\"Connexion\"}]},{\"@type\":\"WebSite\",\"@id\":\"https:\\\/\\\/drouet.gigagne.fr\\\/#website\",\"url\":\"https:\\\/\\\/drouet.gigagne.fr\\\/\",\"name\":\"Team run\",\"description\":\"Le running qui rassemble\",\"publisher\":{\"@id\":\"https:\\\/\\\/drouet.gigagne.fr\\\/#organization\"},\"potentialAction\":[{\"@type\":\"SearchAction\",\"target\":{\"@type\":\"EntryPoint\",\"urlTemplate\":\"https:\\\/\\\/drouet.gigagne.fr\\\/?s={search_term_string}\"},\"query-input\":{\"@type\":\"PropertyValueSpecification\",\"valueRequired\":true,\"valueName\":\"search_term_string\"}}],\"inLanguage\":\"fr-FR\"},{\"@type\":\"Organization\",\"@id\":\"https:\\\/\\\/drouet.gigagne.fr\\\/#organization\",\"name\":\"Team run\",\"url\":\"https:\\\/\\\/drouet.gigagne.fr\\\/\",\"logo\":{\"@type\":\"ImageObject\",\"inLanguage\":\"fr-FR\",\"@id\":\"https:\\\/\\\/drouet.gigagne.fr\\\/#\\\/schema\\\/logo\\\/image\\\/\",\"url\":\"https:\\\/\\\/drouet.gigagne.fr\\\/wp-content\\\/uploads\\\/2026\\\/03\\\/cropped-TEAM-RUN-scaled-1.jpg\",\"contentUrl\":\"https:\\\/\\\/drouet.gigagne.fr\\\/wp-content\\\/uploads\\\/2026\\\/03\\\/cropped-TEAM-RUN-scaled-1.jpg\",\"width\":230,\"height\":250,\"caption\":\"Team run\"},\"image\":{\"@id\":\"https:\\\/\\\/drouet.gigagne.fr\\\/#\\\/schema\\\/logo\\\/image\\\/\"}}]}<\/script>\n<!-- \/ Yoast SEO plugin. -->","yoast_head_json":{"title":"Connexion Team Run- Acc\u00e8dez \u00e0 votre espace","description":"Connectez vous \u00e0 votre espace Team Run pour g\u00e9rer vos inscriptions, consulter vos informations et acc\u00e9der \u00e0 vos services en tout simplicit\u00e9.","robots":{"index":"index","follow":"follow","max-snippet":"max-snippet:-1","max-image-preview":"max-image-preview:large","max-video-preview":"max-video-preview:-1"},"canonical":"https:\/\/drouet.gigagne.fr\/index.php\/connexion-team-run\/","og_locale":"fr_FR","og_type":"article","og_title":"Connexion Team Run- Acc\u00e8dez \u00e0 votre espace","og_description":"Connectez vous \u00e0 votre espace Team Run pour g\u00e9rer vos inscriptions, consulter vos informations et acc\u00e9der \u00e0 vos services en tout simplicit\u00e9.","og_url":"https:\/\/drouet.gigagne.fr\/index.php\/connexion-team-run\/","og_site_name":"Team run","article_modified_time":"2026-04-18T18:21:53+00:00","og_image":[{"url":"https:\/\/drouet.gigagne.fr\/wp-content\/uploads\/2026\/04\/5-km-3-copie-6-4-724x1024.png","type":"","width":"","height":""}],"twitter_card":"summary_large_image","twitter_misc":{"Dur\u00e9e de lecture estim\u00e9e":"2 minutes"},"schema":{"@context":"https:\/\/schema.org","@graph":[{"@type":"WebPage","@id":"https:\/\/drouet.gigagne.fr\/index.php\/connexion-team-run\/","url":"https:\/\/drouet.gigagne.fr\/index.php\/connexion-team-run\/","name":"Connexion Team Run- Acc\u00e8dez \u00e0 votre espace","isPartOf":{"@id":"https:\/\/drouet.gigagne.fr\/#website"},"primaryImageOfPage":{"@id":"https:\/\/drouet.gigagne.fr\/index.php\/connexion-team-run\/#primaryimage"},"image":{"@id":"https:\/\/drouet.gigagne.fr\/index.php\/connexion-team-run\/#primaryimage"},"thumbnailUrl":"https:\/\/drouet.gigagne.fr\/wp-content\/uploads\/2026\/04\/5-km-3-copie-6-4-724x1024.png","datePublished":"2026-04-12T18:32:22+00:00","dateModified":"2026-04-18T18:21:53+00:00","description":"Connectez vous \u00e0 votre espace Team Run pour g\u00e9rer vos inscriptions, consulter vos informations et acc\u00e9der \u00e0 vos services en tout simplicit\u00e9.","breadcrumb":{"@id":"https:\/\/drouet.gigagne.fr\/index.php\/connexion-team-run\/#breadcrumb"},"inLanguage":"fr-FR","potentialAction":[{"@type":"ReadAction","target":["https:\/\/drouet.gigagne.fr\/index.php\/connexion-team-run\/"]}]},{"@type":"ImageObject","inLanguage":"fr-FR","@id":"https:\/\/drouet.gigagne.fr\/index.php\/connexion-team-run\/#primaryimage","url":"https:\/\/drouet.gigagne.fr\/wp-content\/uploads\/2026\/04\/5-km-3-copie-6-4.png","contentUrl":"https:\/\/drouet.gigagne.fr\/wp-content\/uploads\/2026\/04\/5-km-3-copie-6-4.png","width":1061,"height":1500},{"@type":"BreadcrumbList","@id":"https:\/\/drouet.gigagne.fr\/index.php\/connexion-team-run\/#breadcrumb","itemListElement":[{"@type":"ListItem","position":1,"name":"Accueil","item":"https:\/\/drouet.gigagne.fr\/"},{"@type":"ListItem","position":2,"name":"Connexion"}]},{"@type":"WebSite","@id":"https:\/\/drouet.gigagne.fr\/#website","url":"https:\/\/drouet.gigagne.fr\/","name":"Team run","description":"Le running qui rassemble","publisher":{"@id":"https:\/\/drouet.gigagne.fr\/#organization"},"potentialAction":[{"@type":"SearchAction","target":{"@type":"EntryPoint","urlTemplate":"https:\/\/drouet.gigagne.fr\/?s={search_term_string}"},"query-input":{"@type":"PropertyValueSpecification","valueRequired":true,"valueName":"search_term_string"}}],"inLanguage":"fr-FR"},{"@type":"Organization","@id":"https:\/\/drouet.gigagne.fr\/#organization","name":"Team run","url":"https:\/\/drouet.gigagne.fr\/","logo":{"@type":"ImageObject","inLanguage":"fr-FR","@id":"https:\/\/drouet.gigagne.fr\/#\/schema\/logo\/image\/","url":"https:\/\/drouet.gigagne.fr\/wp-content\/uploads\/2026\/03\/cropped-TEAM-RUN-scaled-1.jpg","contentUrl":"https:\/\/drouet.gigagne.fr\/wp-content\/uploads\/2026\/03\/cropped-TEAM-RUN-scaled-1.jpg","width":230,"height":250,"caption":"Team run"},"image":{"@id":"https:\/\/drouet.gigagne.fr\/#\/schema\/logo\/image\/"}}]}},"_links":{"self":[{"href":"https:\/\/drouet.gigagne.fr\/index.php\/wp-json\/wp\/v2\/pages\/381","targetHints":{"allow":["GET"]}}],"collection":[{"href":"https:\/\/drouet.gigagne.fr\/index.php\/wp-json\/wp\/v2\/pages"}],"about":[{"href":"https:\/\/drouet.gigagne.fr\/index.php\/wp-json\/wp\/v2\/types\/page"}],"author":[{"embeddable":true,"href":"https:\/\/drouet.gigagne.fr\/index.php\/wp-json\/wp\/v2\/users\/1"}],"replies":[{"embeddable":true,"href":"https:\/\/drouet.gigagne.fr\/index.php\/wp-json\/wp\/v2\/comments?post=381"}],"version-history":[{"count":3,"href":"https:\/\/drouet.gigagne.fr\/index.php\/wp-json\/wp\/v2\/pages\/381\/revisions"}],"predecessor-version":[{"id":565,"href":"https:\/\/drouet.gigagne.fr\/index.php\/wp-json\/wp\/v2\/pages\/381\/revisions\/565"}],"wp:attachment":[{"href":"https:\/\/drouet.gigagne.fr\/index.php\/wp-json\/wp\/v2\/media?parent=381"}],"curies":[{"name":"wp","href":"https:\/\/api.w.org\/{rel}","templated":true}]}}